{"id":13961,"date":"2021-03-12T14:18:28","date_gmt":"2021-03-12T14:18:28","guid":{"rendered":"http:\/\/lundatec.co.uk\/?page_id=13961"},"modified":"2022-05-24T20:58:43","modified_gmt":"2022-05-24T19:58:43","slug":"our-services","status":"publish","type":"page","link":"https:\/\/lundatec.com\/sv\/vara-tjanster\/","title":{"rendered":"V\u00e5ra tj\u00e4nster"},"content":{"rendered":"<div id=\"cmsmasters_row_jgdmbh6txl\" class=\"cmsmasters_row cmsmasters_color_scheme_default cmsmasters_row_top_default cmsmasters_row_bot_default cmsmasters_row_fullwidth\">\n<div class=\"cmsmasters_row_outer_parent\">\n<div class=\"cmsmasters_row_outer\">\n<div class=\"cmsmasters_row_inner cmsmasters_row_fullwidth\">\n<div class=\"cmsmasters_row_margin\">\n<div id=\"cmsmasters_column_70dajqwop\" class=\"cmsmasters_column one_first\">\n<div class=\"cmsmasters_column_inner\">\n<div class=\"cmsmasters_slider\">\n\t\t\t<!-- START Services REVOLUTION SLIDER 6.3.3 --><p class=\"rs-p-wp-fix\"><\/p>\n\t\t\t<rs-module-wrap id=\"rev_slider_2_1_wrapper\" data-source=\"gallery\" style=\"background:transparent;padding:0;margin:0px auto;margin-top:0;margin-bottom:0;max-width:;\">\n\t\t\t\t<rs-module id=\"rev_slider_2_1\" style=\"\" data-version=\"6.3.3\">\n\t\t\t\t\t<rs-slides>\n\t\t\t\t\t\t<rs-slide data-key=\"rs-7\" data-title=\"Slide\" data-anim=\"ei:d;eo:d;s:600;r:0;t:fade;sl:d;\">\n\t\t\t\t\t\t\t<img loading=\"lazy\" decoding=\"async\" src=\"\/\/lundatec.com\/wp-content\/uploads\/2021\/03\/Comany_Dervice_1029028150_Amended-scaled-e1616152482763.jpg\" title=\"Young,Female,Medical,Student,Working,At,The,Hospital,And,Medical\" width=\"2217\" height=\"1025\" data-bg=\"p:left top;\" class=\"rev-slidebg\" data-no-retina>\n<!--\n\t\t\t\t\t\t\t--><rs-layer\n\t\t\t\t\t\t\t\tid=\"slider-2-slide-7-layer-6\" \n\t\t\t\t\t\t\t\tdata-type=\"text\"\n\t\t\t\t\t\t\t\tdata-color=\"rgba(255,255,255,1)\"\n\t\t\t\t\t\t\t\tdata-rsp_ch=\"on\"\n\t\t\t\t\t\t\t\tdata-xy=\"x:376px;y:203px;\"\n\t\t\t\t\t\t\t\tdata-text=\"w:normal;s:34;l:40;\"\n\t\t\t\t\t\t\t\tdata-dim=\"w:479px;\"\n\t\t\t\t\t\t\t\tdata-frame_1=\"e:power2.inOut;st:500;sR:500;\"\n\t\t\t\t\t\t\t\tdata-frame_999=\"o:0;e:nothing;st:w;sR:8200;\"\n\t\t\t\t\t\t\t\tstyle=\"z-index:8;font-family:Open Sans;\"\n\t\t\t\t\t\t\t>LundaTec samarbetar med globala f\u00f6retag f\u00f6r att leverera innovativa medicinska helhetsl\u00f6sningar. \n\t\t\t\t\t\t\t<\/rs-layer><!--\n-->\t\t\t\t\t\t<\/rs-slide>\n\t\t\t\t\t<\/rs-slides>\n\t\t\t\t<\/rs-module>\n\t\t\t\t<script type=\"text\/javascript\">\n\t\t\t\t\tsetREVStartSize({c: 'rev_slider_2_1',rl:[1240,1024,778,480],el:[600],gw:[1920],gh:[600],type:'standard',justify:'',layout:'fullwidth',mh:\"0\"});\n\t\t\t\t\tvar\trevapi2,\n\t\t\t\t\t\ttpj;\n\t\t\t\t\tfunction revinit_revslider21() {\n\t\t\t\t\tjQuery(function() {\n\t\t\t\t\t\ttpj = jQuery;\n\t\t\t\t\t\trevapi2 = tpj(\"#rev_slider_2_1\");\n\t\t\t\t\t\tif(revapi2==undefined || revapi2.revolution == undefined){\n\t\t\t\t\t\t\trevslider_showDoubleJqueryError(\"rev_slider_2_1\");\n\t\t\t\t\t\t}else{\n\t\t\t\t\t\t\trevapi2.revolution({\n\t\t\t\t\t\t\t\tvisibilityLevels:\"1240,1024,778,480\",\n\t\t\t\t\t\t\t\tgridwidth:1920,\n\t\t\t\t\t\t\t\tgridheight:600,\n\t\t\t\t\t\t\t\tspinner:\"spinner3\",\n\t\t\t\t\t\t\t\tperspective:600,\n\t\t\t\t\t\t\t\tperspectiveType:\"local\",\n\t\t\t\t\t\t\t\teditorheight:\"600,768,960,720\",\n\t\t\t\t\t\t\t\tresponsiveLevels:\"1240,1024,778,480\",\n\t\t\t\t\t\t\t\tprogressBar:{disableProgressBar:true},\n\t\t\t\t\t\t\t\tnavigation: {\n\t\t\t\t\t\t\t\t\tonHoverStop:false\n\t\t\t\t\t\t\t\t},\n\t\t\t\t\t\t\t\tfallbacks: {\n\t\t\t\t\t\t\t\t\tallowHTML5AutoPlayOnAndroid:true\n\t\t\t\t\t\t\t\t},\n\t\t\t\t\t\t\t});\n\t\t\t\t\t\t}\n\t\t\t\t\t\t\n\t\t\t\t\t});\n\t\t\t\t\t} \/\/ End of RevInitScript\n\t\t\t\tvar once_revslider21 = false;\n\t\t\t\tif (document.readyState === \"loading\") {document.addEventListener('readystatechange',function() { if((document.readyState === \"interactive\" || document.readyState === \"complete\") && !once_revslider21 ) { once_revslider21 = true; revinit_revslider21();}});} else {once_revslider21 = true; revinit_revslider21();}\n\t\t\t\t<\/script>\n\t\t\t\t<script>\n\t\t\t\t\tvar htmlDivCss = '\t#rev_slider_2_1_wrapper rs-loader.spinner3 div { background-color: #ffffff !important; } ';\n\t\t\t\t\tvar htmlDiv = document.getElementById('rs-plugin-settings-inline-css');\n\t\t\t\t\tif(htmlDiv) {\n\t\t\t\t\t\thtmlDiv.innerHTML = htmlDiv.innerHTML + htmlDivCss;\n\t\t\t\t\t}else{\n\t\t\t\t\t\tvar htmlDiv = document.createElement('div');\n\t\t\t\t\t\thtmlDiv.innerHTML = '<style>' + htmlDivCss + '<\/style>';\n\t\t\t\t\t\tdocument.getElementsByTagName('head')[0].appendChild(htmlDiv.childNodes[0]);\n\t\t\t\t\t}\n\t\t\t\t<\/script>\n\t\t\t<\/rs-module-wrap>\n\t\t\t<!-- END REVOLUTION SLIDER -->\n<\/div>\n<\/div><\/div>\n<\/div>\n<\/div>\n<\/div>\n<\/div>\n<\/div>\n<div id=\"cmsmasters_row_15yinpo4z\" class=\"cmsmasters_row cmsmasters_color_scheme_default cmsmasters_row_top_default cmsmasters_row_bot_default cmsmasters_row_boxed\">\n<div class=\"cmsmasters_row_outer_parent\">\n<div class=\"cmsmasters_row_outer\">\n<div class=\"cmsmasters_row_inner\">\n<div class=\"cmsmasters_row_margin\">\n<div id=\"cmsmasters_column_pg02jem8u\" class=\"cmsmasters_column one_first\">\n<div class=\"cmsmasters_column_inner\"><div id=\"cmsmasters_heading_07zwa462j5\" class=\"cmsmasters_heading_wrap cmsmasters_heading_align_left h2header\">\n\t<h2 class=\"cmsmasters_heading\">V\u00e5ra tj\u00e4nster<\/h2>\n<\/div>\n<\/div><\/div>\n<\/div>\n<\/div>\n<\/div>\n<\/div>\n<\/div>\n<div id=\"cmsmasters_row_qrhyahbbxu\" class=\"cmsmasters_row cmsmasters_color_scheme_default cmsmasters_row_top_default cmsmasters_row_bot_default cmsmasters_row_boxed\">\n<div class=\"cmsmasters_row_outer_parent\">\n<div class=\"cmsmasters_row_outer\">\n<div class=\"cmsmasters_row_inner\">\n<div class=\"cmsmasters_row_margin\">\n<div id=\"cmsmasters_column_0wwuz4la\" class=\"cmsmasters_column one_first\">\n<div class=\"cmsmasters_column_inner\"><div id=\"cmsmasters_heading_yzzxoiomhb\" class=\"cmsmasters_heading_wrap cmsmasters_heading_align_left\">\n\t<h2 class=\"cmsmasters_heading\">F\u00f6retag<\/h2>\n<\/div><div class=\"cmsmasters_text\">\n<h4>V\u00e5rt team tillsammans med v\u00e5ra h\u00f6gkvalitativa produkter \u00e4r nyckeln till v\u00e5r framg\u00e5ng.\nLundaTec-teamet har m\u00e5ng\u00e5rig erfarenhet av arbete inom f\u00f6retag som tillverkar och tillhandah\u00e5ller medicinsk utrustning och vi f\u00f6rst\u00e5r d\u00e4rf\u00f6r v\u00e5rdens prioriteringar. \nF\u00f6r oss \u00e4r patienten i centrum av allt vi g\u00f6r. \nVi f\u00f6rst\u00e5r vikten av en p\u00e5litlig leverant\u00f6r med dedikerad kundservice.  Oavsett vem i f\u00f6retaget du interagerar med tar vi alla personligt ansvar f\u00f6r att se till att din f\u00f6rfr\u00e5gan eller beg\u00e4ran hanteras betryggande med stort engagemang och till full bel\u00e5tenhet.<\/h4>\n<\/div>\n<div id=\"cmsmasters_heading_369beawfqc\" class=\"cmsmasters_heading_wrap cmsmasters_heading_align_left\">\n\t<h2 class=\"cmsmasters_heading\">Kundservice<\/h2>\n<\/div><div class=\"cmsmasters_text\">\n<h4 style=\"margin-top: 20px; font-size: 17px; color: #333;\">R\u00e4tt produkt p\u00e5 r\u00e4tt plats vid r\u00e4tt tidpunkt och till r\u00e4tt pris. \nVi f\u00f6rst\u00e5r vikten av engagerad och effektiv interaktion med v\u00e5ra kunder. Vi delar en entusiasm och beslutsamhet att s\u00e4kerst\u00e4lla att varje interaktion blir en positiv upplevelse. V\u00e5rt v\u00e4rde \u00e4r att tillhandah\u00e5lla information, produkter och tj\u00e4nster p\u00e5 ett snabbt och professionellt s\u00e4tt.<\/h4>\n<\/div>\n<div id=\"cmsmasters_heading_w75s2ybfk\" class=\"cmsmasters_heading_wrap cmsmasters_heading_align_left\">\n\t<h2 class=\"cmsmasters_heading\">Produktportf\u00f6lj<\/h2>\n<\/div><div class=\"cmsmasters_text\">\n<h4 style=\"margin-top: 20px; font-size: 17px; color: #333;\">Med samarbete skapas synergier.\nLundaTec samarbetar med globala f\u00f6retag f\u00f6r att skapa innovativa medicinska helhetsl\u00f6sningar. V\u00e5ra samarbetspartners \u00e4r etablerade medicintekniska f\u00f6retag specialiserade p\u00e5 produktion av medicinska eng\u00e5ngsartiklar. \nV\u00e5r produktportf\u00f6lj best\u00e5r av eng\u00e5ngsartiklar f\u00f6r bloddialysbehandling samt personlig skyddsutrustning (PPE). \nV\u00e4nligen l\u00e4mna din e-postadress h\u00e4r nedan om du vill bli uppdaterad n\u00e4r vi ut\u00f6kar v\u00e5rt produktsortiment.<\/h4>\n<\/div>\n<\/div><\/div>\n<\/div>\n<\/div>\n<\/div>\n<\/div>\n<\/div>","protected":false},"excerpt":{"rendered":"","protected":false},"author":3,"featured_media":0,"parent":0,"menu_order":0,"comment_status":"closed","ping_status":"closed","template":"","meta":{"footnotes":""},"class_list":["post-13961","page","type-page","status-publish","hentry"],"yoast_head":"<!-- This site is optimized with the Yoast SEO plugin v27.4 - https:\/\/yoast.com\/product\/yoast-seo-wordpress\/ -->\n<title>Our Services - LundaTec<\/title>\n<meta name=\"description\" content=\"Our Services - The LundaTec team has immense experience of working within companies that provide Medical Devices and we understand priorities. For us, the patient is ultimately at the core of everything we do\" \/>\n<meta name=\"robots\" content=\"index, follow, max-snippet:-1, max-image-preview:large, max-video-preview:-1\" \/>\n<link rel=\"canonical\" href=\"https:\/\/lundatec.com\/sv\/vara-tjanster\/\" \/>\n<meta property=\"og:locale\" content=\"sv_SE\" \/>\n<meta property=\"og:type\" content=\"article\" \/>\n<meta property=\"og:title\" content=\"Our Services - LundaTec\" \/>\n<meta property=\"og:description\" content=\"Our Services - The LundaTec team has immense experience of working within companies that provide Medical Devices and we understand priorities. For us, the patient is ultimately at the core of everything we do\" \/>\n<meta property=\"og:url\" content=\"https:\/\/lundatec.com\/sv\/vara-tjanster\/\" \/>\n<meta property=\"og:site_name\" content=\"LundaTec\" \/>\n<meta property=\"article:modified_time\" content=\"2022-05-24T19:58:43+00:00\" \/>\n<meta name=\"twitter:card\" content=\"summary_large_image\" \/>\n<meta name=\"twitter:label1\" content=\"Ber\u00e4knad l\u00e4stid\" \/>\n\t<meta name=\"twitter:data1\" content=\"3 minuter\" \/>\n<script type=\"application\/ld+json\" class=\"yoast-schema-graph\">{\"@context\":\"https:\\\/\\\/schema.org\",\"@graph\":[{\"@type\":\"WebPage\",\"@id\":\"https:\\\/\\\/lundatec.com\\\/our-services\\\/\",\"url\":\"https:\\\/\\\/lundatec.com\\\/our-services\\\/\",\"name\":\"Our Services - LundaTec\",\"isPartOf\":{\"@id\":\"https:\\\/\\\/lundatec.com\\\/#website\"},\"datePublished\":\"2021-03-12T14:18:28+00:00\",\"dateModified\":\"2022-05-24T19:58:43+00:00\",\"description\":\"Our Services - The LundaTec team has immense experience of working within companies that provide Medical Devices and we understand priorities. For us, the patient is ultimately at the core of everything we do\",\"breadcrumb\":{\"@id\":\"https:\\\/\\\/lundatec.com\\\/our-services\\\/#breadcrumb\"},\"inLanguage\":\"sv-SE\",\"potentialAction\":[{\"@type\":\"ReadAction\",\"target\":[\"https:\\\/\\\/lundatec.com\\\/our-services\\\/\"]}]},{\"@type\":\"BreadcrumbList\",\"@id\":\"https:\\\/\\\/lundatec.com\\\/our-services\\\/#breadcrumb\",\"itemListElement\":[{\"@type\":\"ListItem\",\"position\":1,\"name\":\"Home\",\"item\":\"https:\\\/\\\/lundatec.com\\\/\"},{\"@type\":\"ListItem\",\"position\":2,\"name\":\"Our Services\"}]},{\"@type\":\"WebSite\",\"@id\":\"https:\\\/\\\/lundatec.com\\\/#website\",\"url\":\"https:\\\/\\\/lundatec.com\\\/\",\"name\":\"LundaTec\",\"description\":\"LundaTec focuses on patient safety and product quality\",\"publisher\":{\"@id\":\"https:\\\/\\\/lundatec.com\\\/#organization\"},\"potentialAction\":[{\"@type\":\"SearchAction\",\"target\":{\"@type\":\"EntryPoint\",\"urlTemplate\":\"https:\\\/\\\/lundatec.com\\\/?s={search_term_string}\"},\"query-input\":{\"@type\":\"PropertyValueSpecification\",\"valueRequired\":true,\"valueName\":\"search_term_string\"}}],\"inLanguage\":\"sv-SE\"},{\"@type\":\"Organization\",\"@id\":\"https:\\\/\\\/lundatec.com\\\/#organization\",\"name\":\"LundaTec\",\"url\":\"https:\\\/\\\/lundatec.com\\\/\",\"logo\":{\"@type\":\"ImageObject\",\"inLanguage\":\"sv-SE\",\"@id\":\"https:\\\/\\\/lundatec.com\\\/#\\\/schema\\\/logo\\\/image\\\/\",\"url\":\"https:\\\/\\\/lundatec.com\\\/wp-content\\\/uploads\\\/2021\\\/03\\\/LundaTec_Logo_White-1.png\",\"contentUrl\":\"https:\\\/\\\/lundatec.com\\\/wp-content\\\/uploads\\\/2021\\\/03\\\/LundaTec_Logo_White-1.png\",\"width\":320,\"height\":59,\"caption\":\"LundaTec\"},\"image\":{\"@id\":\"https:\\\/\\\/lundatec.com\\\/#\\\/schema\\\/logo\\\/image\\\/\"}}]}<\/script>\n<!-- \/ Yoast SEO plugin. -->","yoast_head_json":{"title":"Our Services - LundaTec","description":"Our Services - The LundaTec team has immense experience of working within companies that provide Medical Devices and we understand priorities. For us, the patient is ultimately at the core of everything we do","robots":{"index":"index","follow":"follow","max-snippet":"max-snippet:-1","max-image-preview":"max-image-preview:large","max-video-preview":"max-video-preview:-1"},"canonical":"https:\/\/lundatec.com\/sv\/vara-tjanster\/","og_locale":"sv_SE","og_type":"article","og_title":"Our Services - LundaTec","og_description":"Our Services - The LundaTec team has immense experience of working within companies that provide Medical Devices and we understand priorities. For us, the patient is ultimately at the core of everything we do","og_url":"https:\/\/lundatec.com\/sv\/vara-tjanster\/","og_site_name":"LundaTec","article_modified_time":"2022-05-24T19:58:43+00:00","twitter_card":"summary_large_image","twitter_misc":{"Ber\u00e4knad l\u00e4stid":"3 minuter"},"schema":{"@context":"https:\/\/schema.org","@graph":[{"@type":"WebPage","@id":"https:\/\/lundatec.com\/our-services\/","url":"https:\/\/lundatec.com\/our-services\/","name":"Our Services - LundaTec","isPartOf":{"@id":"https:\/\/lundatec.com\/#website"},"datePublished":"2021-03-12T14:18:28+00:00","dateModified":"2022-05-24T19:58:43+00:00","description":"Our Services - The LundaTec team has immense experience of working within companies that provide Medical Devices and we understand priorities. For us, the patient is ultimately at the core of everything we do","breadcrumb":{"@id":"https:\/\/lundatec.com\/our-services\/#breadcrumb"},"inLanguage":"sv-SE","potentialAction":[{"@type":"ReadAction","target":["https:\/\/lundatec.com\/our-services\/"]}]},{"@type":"BreadcrumbList","@id":"https:\/\/lundatec.com\/our-services\/#breadcrumb","itemListElement":[{"@type":"ListItem","position":1,"name":"Home","item":"https:\/\/lundatec.com\/"},{"@type":"ListItem","position":2,"name":"Our Services"}]},{"@type":"WebSite","@id":"https:\/\/lundatec.com\/#website","url":"https:\/\/lundatec.com\/","name":"LundaTec","description":"LundaTec focuses on patient safety and product quality","publisher":{"@id":"https:\/\/lundatec.com\/#organization"},"potentialAction":[{"@type":"SearchAction","target":{"@type":"EntryPoint","urlTemplate":"https:\/\/lundatec.com\/?s={search_term_string}"},"query-input":{"@type":"PropertyValueSpecification","valueRequired":true,"valueName":"search_term_string"}}],"inLanguage":"sv-SE"},{"@type":"Organization","@id":"https:\/\/lundatec.com\/#organization","name":"LundaTec","url":"https:\/\/lundatec.com\/","logo":{"@type":"ImageObject","inLanguage":"sv-SE","@id":"https:\/\/lundatec.com\/#\/schema\/logo\/image\/","url":"https:\/\/lundatec.com\/wp-content\/uploads\/2021\/03\/LundaTec_Logo_White-1.png","contentUrl":"https:\/\/lundatec.com\/wp-content\/uploads\/2021\/03\/LundaTec_Logo_White-1.png","width":320,"height":59,"caption":"LundaTec"},"image":{"@id":"https:\/\/lundatec.com\/#\/schema\/logo\/image\/"}}]}},"_links":{"self":[{"href":"https:\/\/lundatec.com\/sv\/wp-json\/wp\/v2\/pages\/13961","targetHints":{"allow":["GET"]}}],"collection":[{"href":"https:\/\/lundatec.com\/sv\/wp-json\/wp\/v2\/pages"}],"about":[{"href":"https:\/\/lundatec.com\/sv\/wp-json\/wp\/v2\/types\/page"}],"author":[{"embeddable":true,"href":"https:\/\/lundatec.com\/sv\/wp-json\/wp\/v2\/users\/3"}],"replies":[{"embeddable":true,"href":"https:\/\/lundatec.com\/sv\/wp-json\/wp\/v2\/comments?post=13961"}],"version-history":[{"count":24,"href":"https:\/\/lundatec.com\/sv\/wp-json\/wp\/v2\/pages\/13961\/revisions"}],"predecessor-version":[{"id":14482,"href":"https:\/\/lundatec.com\/sv\/wp-json\/wp\/v2\/pages\/13961\/revisions\/14482"}],"wp:attachment":[{"href":"https:\/\/lundatec.com\/sv\/wp-json\/wp\/v2\/media?parent=13961"}],"curies":[{"name":"wp","href":"https:\/\/api.w.org\/{rel}","templated":true}]}}