{"id":13973,"date":"2021-03-12T15:01:55","date_gmt":"2021-03-12T15:01:55","guid":{"rendered":"http:\/\/lundatec.co.uk\/?page_id=13973"},"modified":"2022-05-20T21:30:17","modified_gmt":"2022-05-20T20:30:17","slug":"contact-us","status":"publish","type":"page","link":"https:\/\/lundatec.com\/sv\/kontakta-oss\/","title":{"rendered":"Kontakta oss"},"content":{"rendered":"<div id=\"cmsmasters_row_a4d1hjzo0y\" class=\"cmsmasters_row cmsmasters_color_scheme_default cmsmasters_row_top_default cmsmasters_row_bot_default cmsmasters_row_fullwidth\">\n<div class=\"cmsmasters_row_outer_parent\">\n<div class=\"cmsmasters_row_outer\">\n<div class=\"cmsmasters_row_inner cmsmasters_row_fullwidth\">\n<div class=\"cmsmasters_row_margin\">\n<div id=\"cmsmasters_column_ulms13ioyh\" class=\"cmsmasters_column one_first\">\n<div class=\"cmsmasters_column_inner\">\n<div class=\"cmsmasters_slider\">\n\t\t\t<!-- START Homepage REVOLUTION SLIDER 6.3.3 --><p class=\"rs-p-wp-fix\"><\/p>\n\t\t\t<rs-module-wrap id=\"rev_slider_1_1_wrapper\" data-source=\"gallery\" style=\"background:transparent;padding:0;margin:0px auto;margin-top:0;margin-bottom:0;max-width:;\">\n\t\t\t\t<rs-module id=\"rev_slider_1_1\" style=\"\" data-version=\"6.3.3\">\n\t\t\t\t\t<rs-slides>\n\t\t\t\t\t\t<rs-slide data-key=\"rs-1\" data-title=\"Slide\" data-thumb=\"\/\/lundatec.com\/wp-content\/uploads\/2021\/03\/HomePage_Banner-2-e1615471605876-100x50.jpg\" data-anim=\"ei:d;eo:d;s:600;r:0;t:fade;sl:d;\">\n\t\t\t\t\t\t\t<img loading=\"lazy\" decoding=\"async\" src=\"\/\/lundatec.com\/wp-content\/uploads\/2021\/03\/HomePage_Banner-2-e1615471605876.jpg\" title=\"HomePage_Banner\" width=\"2000\" height=\"900\" class=\"rev-slidebg\" data-no-retina>\n<!--\n\t\t\t\t\t\t\t--><rs-layer\n\t\t\t\t\t\t\t\tid=\"slider-1-slide-1-layer-6\" \n\t\t\t\t\t\t\t\tdata-type=\"text\"\n\t\t\t\t\t\t\t\tdata-color=\"rgba(255,255,255,1)\"\n\t\t\t\t\t\t\t\tdata-rsp_ch=\"on\"\n\t\t\t\t\t\t\t\tdata-xy=\"x:375px;y:245px;\"\n\t\t\t\t\t\t\t\tdata-text=\"w:normal;s:44;l:50;\"\n\t\t\t\t\t\t\t\tdata-dim=\"w:607.81px;\"\n\t\t\t\t\t\t\t\tdata-frame_1=\"e:power2.inOut;st:500;sR:500;\"\n\t\t\t\t\t\t\t\tdata-frame_999=\"o:0;e:nothing;st:w;sR:8200;\"\n\t\t\t\t\t\t\t\tstyle=\"z-index:8;font-family:Open Sans;\"\n\t\t\t\t\t\t\t>Ett team, ett f\u00f6retag, ett m\u00e5l \u2013 det sj\u00e4lvklara valet f\u00f6r kunder inom medicinteknisk utrustning. \n\t\t\t\t\t\t\t<\/rs-layer><!--\n-->\t\t\t\t\t\t<\/rs-slide>\n\t\t\t\t\t\t<rs-slide data-key=\"rs-4\" data-title=\"Slide\" data-thumb=\"\/\/lundatec.com\/wp-content\/uploads\/2021\/03\/Blue_Gradient_Hover_2-scaled-100x50.jpg\" data-anim=\"ei:d;eo:d;s:600;r:0;t:fade;sl:d;\">\n\t\t\t\t\t\t\t<img loading=\"lazy\" decoding=\"async\" src=\"\/\/lundatec.com\/wp-content\/uploads\/2021\/03\/Blue_Gradient_Hover_2-scaled.jpg\" title=\"Outdoor,Portrait,Of,Medical,Team\" width=\"2560\" height=\"1707\" class=\"rev-slidebg\" data-no-retina>\n<!--\n\t\t\t\t\t\t\t--><rs-layer\n\t\t\t\t\t\t\t\tid=\"slider-1-slide-4-layer-5\" \n\t\t\t\t\t\t\t\tdata-type=\"text\"\n\t\t\t\t\t\t\t\tdata-color=\"rgba(255,255,255,1)\"\n\t\t\t\t\t\t\t\tdata-rsp_ch=\"on\"\n\t\t\t\t\t\t\t\tdata-xy=\"x:375px;y:345px;\"\n\t\t\t\t\t\t\t\tdata-text=\"s:44;l:22;\"\n\t\t\t\t\t\t\t\tdata-frame_1=\"e:power2.inOut;st:500;sR:500;\"\n\t\t\t\t\t\t\t\tdata-frame_999=\"o:0;e:nothing;st:w;sR:8200;\"\n\t\t\t\t\t\t\t\tstyle=\"z-index:10;font-family:Open Sans;\"\n\t\t\t\t\t\t\t> \n\t\t\t\t\t\t\t<\/rs-layer><!--\n\n\t\t\t\t\t\t\t--><rs-layer\n\t\t\t\t\t\t\t\tid=\"slider-1-slide-4-layer-6\" \n\t\t\t\t\t\t\t\tdata-type=\"text\"\n\t\t\t\t\t\t\t\tdata-color=\"rgba(255,255,255,1)\"\n\t\t\t\t\t\t\t\tdata-rsp_ch=\"on\"\n\t\t\t\t\t\t\t\tdata-xy=\"x:376px;y:245px;\"\n\t\t\t\t\t\t\t\tdata-text=\"w:normal;s:44;l:50;\"\n\t\t\t\t\t\t\t\tdata-dim=\"w:715px;\"\n\t\t\t\t\t\t\t\tdata-frame_1=\"e:power2.inOut;st:500;sR:500;\"\n\t\t\t\t\t\t\t\tdata-frame_999=\"o:0;e:nothing;st:w;sR:8200;\"\n\t\t\t\t\t\t\t\tstyle=\"z-index:8;font-family:Open Sans;\"\n\t\t\t\t\t\t\t>LundaTec samarbetar med globala f\u00f6retag f\u00f6r att leverera innovativa medicinska helhetsl\u00f6sningar. \n\t\t\t\t\t\t\t<\/rs-layer><!--\n-->\t\t\t\t\t\t<\/rs-slide>\n\t\t\t\t\t\t<rs-slide data-key=\"rs-5\" data-title=\"Slide\" data-thumb=\"\/\/lundatec.com\/wp-content\/uploads\/2021\/03\/Blue_Gradient_Hover_3-scaled-100x50.jpg\" data-anim=\"ei:d;eo:d;s:600;r:0;t:fade;sl:d;\">\n\t\t\t\t\t\t\t<img loading=\"lazy\" decoding=\"async\" src=\"\/\/lundatec.com\/wp-content\/uploads\/2021\/03\/Blue_Gradient_Hover_3-scaled.jpg\" title=\"Outdoor,Portrait,Of,Medical,Team\" width=\"2560\" height=\"1707\" class=\"rev-slidebg\" data-no-retina>\n<!--\n\t\t\t\t\t\t\t--><rs-layer\n\t\t\t\t\t\t\t\tid=\"slider-1-slide-5-layer-5\" \n\t\t\t\t\t\t\t\tdata-type=\"text\"\n\t\t\t\t\t\t\t\tdata-color=\"rgba(255,255,255,1)\"\n\t\t\t\t\t\t\t\tdata-rsp_ch=\"on\"\n\t\t\t\t\t\t\t\tdata-xy=\"x:375px;y:345px;\"\n\t\t\t\t\t\t\t\tdata-text=\"s:44;l:22;\"\n\t\t\t\t\t\t\t\tdata-frame_1=\"e:power2.inOut;st:500;sR:500;\"\n\t\t\t\t\t\t\t\tdata-frame_999=\"o:0;e:nothing;st:w;sR:8200;\"\n\t\t\t\t\t\t\t\tstyle=\"z-index:11;font-family:Open Sans;\"\n\t\t\t\t\t\t\t> \n\t\t\t\t\t\t\t<\/rs-layer><!--\n\n\t\t\t\t\t\t\t--><rs-layer\n\t\t\t\t\t\t\t\tid=\"slider-1-slide-5-layer-6\" \n\t\t\t\t\t\t\t\tdata-type=\"text\"\n\t\t\t\t\t\t\t\tdata-color=\"rgba(255,255,255,1)\"\n\t\t\t\t\t\t\t\tdata-rsp_ch=\"on\"\n\t\t\t\t\t\t\t\tdata-xy=\"x:376px;y:244px;\"\n\t\t\t\t\t\t\t\tdata-text=\"w:normal;s:44;l:50;\"\n\t\t\t\t\t\t\t\tdata-dim=\"w:614px;\"\n\t\t\t\t\t\t\t\tdata-frame_1=\"e:power2.inOut;st:500;sR:500;\"\n\t\t\t\t\t\t\t\tdata-frame_999=\"o:0;e:nothing;st:w;sR:8200;\"\n\t\t\t\t\t\t\t\tstyle=\"z-index:8;font-family:Open Sans;\"\n\t\t\t\t\t\t\t>Passion och engagemang med \u00f6verl\u00e4gsen kundservice till ett f\u00f6rm\u00e5nligt pris. \n\t\t\t\t\t\t\t<\/rs-layer><!--\n-->\t\t\t\t\t\t<\/rs-slide>\n\t\t\t\t\t\t<rs-slide data-key=\"rs-6\" data-title=\"Slide\" data-thumb=\"\/\/lundatec.com\/wp-content\/uploads\/2021\/03\/shutterstock_Hover_4-scaled-100x50.jpg\" data-anim=\"ei:d;eo:d;s:600;r:0;t:fade;sl:d;\">\n\t\t\t\t\t\t\t<img loading=\"lazy\" decoding=\"async\" src=\"\/\/lundatec.com\/wp-content\/uploads\/2021\/03\/shutterstock_Hover_4-scaled.jpg\" title=\"Team,Of,Female,And,Male,Doctors,Or,Nurses,Wearing,Protective\" width=\"2560\" height=\"807\" class=\"rev-slidebg\" data-no-retina>\n<!--\n\t\t\t\t\t\t\t--><rs-layer\n\t\t\t\t\t\t\t\tid=\"slider-1-slide-6-layer-6\" \n\t\t\t\t\t\t\t\tdata-type=\"text\"\n\t\t\t\t\t\t\t\tdata-color=\"rgba(255,255,255,1)\"\n\t\t\t\t\t\t\t\tdata-rsp_ch=\"on\"\n\t\t\t\t\t\t\t\tdata-xy=\"x:376px;y:244px;\"\n\t\t\t\t\t\t\t\tdata-text=\"w:normal;s:44;l:50;\"\n\t\t\t\t\t\t\t\tdata-dim=\"w:554px;\"\n\t\t\t\t\t\t\t\tdata-frame_1=\"e:power2.inOut;st:500;sR:500;\"\n\t\t\t\t\t\t\t\tdata-frame_999=\"o:0;e:nothing;st:w;sR:8200;\"\n\t\t\t\t\t\t\t\tstyle=\"z-index:8;font-family:Open Sans;\"\n\t\t\t\t\t\t\t>Vi f\u00f6rst\u00e5r vikten av s\u00e4ker personlig skyddsutrustning f\u00f6r v\u00e5rdpersonal och patienter. \n\t\t\t\t\t\t\t<\/rs-layer><!--\n-->\t\t\t\t\t\t<\/rs-slide>\n\t\t\t\t\t<\/rs-slides>\n\t\t\t\t<\/rs-module>\n\t\t\t\t<script type=\"text\/javascript\">\n\t\t\t\t\tsetREVStartSize({c: 'rev_slider_1_1',rl:[1240,1024,778,480],el:[720],gw:[1920],gh:[720],type:'standard',justify:'',layout:'fullwidth',mh:\"0\"});\n\t\t\t\t\tvar\trevapi1,\n\t\t\t\t\t\ttpj;\n\t\t\t\t\tfunction revinit_revslider11() {\n\t\t\t\t\tjQuery(function() {\n\t\t\t\t\t\ttpj = jQuery;\n\t\t\t\t\t\trevapi1 = tpj(\"#rev_slider_1_1\");\n\t\t\t\t\t\tif(revapi1==undefined || revapi1.revolution == undefined){\n\t\t\t\t\t\t\trevslider_showDoubleJqueryError(\"rev_slider_1_1\");\n\t\t\t\t\t\t}else{\n\t\t\t\t\t\t\trevapi1.revolution({\n\t\t\t\t\t\t\t\tvisibilityLevels:\"1240,1024,778,480\",\n\t\t\t\t\t\t\t\tgridwidth:1920,\n\t\t\t\t\t\t\t\tgridheight:720,\n\t\t\t\t\t\t\t\tspinner:\"spinner3\",\n\t\t\t\t\t\t\t\tperspective:600,\n\t\t\t\t\t\t\t\tperspectiveType:\"local\",\n\t\t\t\t\t\t\t\teditorheight:\"720,768,960,720\",\n\t\t\t\t\t\t\t\tresponsiveLevels:\"1240,1024,778,480\",\n\t\t\t\t\t\t\t\tprogressBar:{disableProgressBar:true},\n\t\t\t\t\t\t\t\tnavigation: {\n\t\t\t\t\t\t\t\t\tmouseScrollNavigation:false,\n\t\t\t\t\t\t\t\t\twheelCallDelay:1000,\n\t\t\t\t\t\t\t\t\tonHoverStop:false,\n\t\t\t\t\t\t\t\t\tarrows: {\n\t\t\t\t\t\t\t\t\t\tenable:true,\n\t\t\t\t\t\t\t\t\t\tstyle:\"custom\",\n\t\t\t\t\t\t\t\t\t\tleft: {\n\n\t\t\t\t\t\t\t\t\t\t},\n\t\t\t\t\t\t\t\t\t\tright: {\n\n\t\t\t\t\t\t\t\t\t\t}\n\t\t\t\t\t\t\t\t\t}\n\t\t\t\t\t\t\t\t},\n\t\t\t\t\t\t\t\tfallbacks: {\n\t\t\t\t\t\t\t\t\tallowHTML5AutoPlayOnAndroid:true\n\t\t\t\t\t\t\t\t},\n\t\t\t\t\t\t\t});\n\t\t\t\t\t\t}\n\t\t\t\t\t\t\n\t\t\t\t\t});\n\t\t\t\t\t} \/\/ End of RevInitScript\n\t\t\t\tvar once_revslider11 = false;\n\t\t\t\tif (document.readyState === \"loading\") {document.addEventListener('readystatechange',function() { if((document.readyState === \"interactive\" || document.readyState === \"complete\") && !once_revslider11 ) { once_revslider11 = true; revinit_revslider11();}});} else {once_revslider11 = true; revinit_revslider11();}\n\t\t\t\t<\/script>\n\t\t\t\t<script>\n\t\t\t\t\tvar htmlDivCss = '\t#rev_slider_1_1_wrapper rs-loader.spinner3 div { background-color: #ffffff !important; } ';\n\t\t\t\t\tvar htmlDiv = document.getElementById('rs-plugin-settings-inline-css');\n\t\t\t\t\tif(htmlDiv) {\n\t\t\t\t\t\thtmlDiv.innerHTML = htmlDiv.innerHTML + htmlDivCss;\n\t\t\t\t\t}else{\n\t\t\t\t\t\tvar htmlDiv = document.createElement('div');\n\t\t\t\t\t\thtmlDiv.innerHTML = '<style>' + htmlDivCss + '<\/style>';\n\t\t\t\t\t\tdocument.getElementsByTagName('head')[0].appendChild(htmlDiv.childNodes[0]);\n\t\t\t\t\t}\n\t\t\t\t<\/script>\n\t\t\t\t<script>\n\t\t\t\t\tvar htmlDivCss = unescape(\"%23rev_slider_1_1_wrapper%20.custom.tparrows%20%7B%0A%09cursor%3Apointer%3B%0A%09background%3A%23000%3B%0A%09background%3Argba%280%2C0%2C0%2C0.5%29%3B%0A%09width%3A40px%3B%0A%09height%3A40px%3B%0A%09position%3Aabsolute%3B%0A%09display%3Ablock%3B%0A%09z-index%3A1000%3B%0A%7D%0A%23rev_slider_1_1_wrapper%20.custom.tparrows%3Ahover%20%7B%0A%09background%3A%23000%3B%0A%7D%0A%23rev_slider_1_1_wrapper%20.custom.tparrows%3Abefore%20%7B%0A%09font-family%3A%20%27revicons%27%3B%0A%09font-size%3A15px%3B%0A%09color%3A%23fff%3B%0A%09display%3Ablock%3B%0A%09line-height%3A%2040px%3B%0A%09text-align%3A%20center%3B%0A%7D%0A%23rev_slider_1_1_wrapper%20.custom.tparrows.tp-leftarrow%3Abefore%20%7B%0A%09content%3A%20%27%5Ce824%27%3B%0A%7D%0A%23rev_slider_1_1_wrapper%20.custom.tparrows.tp-rightarrow%3Abefore%20%7B%0A%09content%3A%20%27%5Ce825%27%3B%0A%7D%0A%0A%0A\");\n\t\t\t\t\tvar htmlDiv = document.getElementById('rs-plugin-settings-inline-css');\n\t\t\t\t\tif(htmlDiv) {\n\t\t\t\t\t\thtmlDiv.innerHTML = htmlDiv.innerHTML + htmlDivCss;\n\t\t\t\t\t}else{\n\t\t\t\t\t\tvar htmlDiv = document.createElement('div');\n\t\t\t\t\t\thtmlDiv.innerHTML = '<style>' + htmlDivCss + '<\/style>';\n\t\t\t\t\t\tdocument.getElementsByTagName('head')[0].appendChild(htmlDiv.childNodes[0]);\n\t\t\t\t\t}\n\t\t\t\t<\/script>\n\t\t\t\t<script>\n\t\t\t\t\tvar htmlDivCss = unescape(\"%23rev_slider_1_1%5Bdata-slideactive%3D%22rs-1%22%5D%20.custom.tparrows.tp-leftarrow%3Abefore%7B%0Acontent%3A%20%22%5Ce824%22%20%21important%3B%0A%7D%0A%23rev_slider_1_1%5Bdata-slideactive%3D%22rs-1%22%5D%20.custom.tparrows.tp-rightarrow%3Abefore%7B%0Acontent%3A%20%22%5Ce825%22%20%21important%3B%0A%7D%0A%0A%23rev_slider_1_1%5Bdata-slideactive%3D%22rs-4%22%5D%20.custom.tparrows.tp-leftarrow%3Abefore%7B%0Acontent%3A%20%22%5Ce824%22%20%21important%3B%0A%7D%0A%23rev_slider_1_1%5Bdata-slideactive%3D%22rs-4%22%5D%20.custom.tparrows.tp-rightarrow%3Abefore%7B%0Acontent%3A%20%22%5Ce825%22%20%21important%3B%0A%7D%0A%0A%23rev_slider_1_1%5Bdata-slideactive%3D%22rs-5%22%5D%20.custom.tparrows.tp-leftarrow%3Abefore%7B%0Acontent%3A%20%22%5Ce824%22%20%21important%3B%0A%7D%0A%23rev_slider_1_1%5Bdata-slideactive%3D%22rs-5%22%5D%20.custom.tparrows.tp-rightarrow%3Abefore%7B%0Acontent%3A%20%22%5Ce825%22%20%21important%3B%0A%7D%0A%0A%23rev_slider_1_1%5Bdata-slideactive%3D%22rs-6%22%5D%20.custom.tparrows.tp-leftarrow%3Abefore%7B%0Acontent%3A%20%22%5Ce824%22%20%21important%3B%0A%7D%0A%23rev_slider_1_1%5Bdata-slideactive%3D%22rs-6%22%5D%20.custom.tparrows.tp-rightarrow%3Abefore%7B%0Acontent%3A%20%22%5Ce825%22%20%21important%3B%0A%7D%0A%0A\");\n\t\t\t\t\tvar htmlDiv = document.getElementById('rs-plugin-settings-inline-css');\n\t\t\t\t\tif(htmlDiv) {\n\t\t\t\t\t\thtmlDiv.innerHTML = htmlDiv.innerHTML + htmlDivCss;\n\t\t\t\t\t}else{\n\t\t\t\t\t\tvar htmlDiv = document.createElement('div');\n\t\t\t\t\t\thtmlDiv.innerHTML = '<style>' + htmlDivCss + '<\/style>';\n\t\t\t\t\t\tdocument.getElementsByTagName('head')[0].appendChild(htmlDiv.childNodes[0]);\n\t\t\t\t\t}\n\t\t\t\t<\/script>\n\t\t\t<\/rs-module-wrap>\n\t\t\t<!-- END REVOLUTION SLIDER -->\n<\/div>\n<\/div><\/div>\n<\/div>\n<\/div>\n<\/div>\n<\/div>\n<\/div>\n<div id=\"cmsmasters_row_15yinpo4z\" class=\"cmsmasters_row cmsmasters_color_scheme_default cmsmasters_row_top_default cmsmasters_row_bot_default cmsmasters_row_boxed\">\n<div class=\"cmsmasters_row_outer_parent\">\n<div class=\"cmsmasters_row_outer\">\n<div class=\"cmsmasters_row_inner\">\n<div class=\"cmsmasters_row_margin\">\n<div id=\"cmsmasters_column_pg02jem8u\" class=\"cmsmasters_column one_half\">\n<div class=\"cmsmasters_column_inner\"><div id=\"cmsmasters_heading_07zwa462j5\" class=\"cmsmasters_heading_wrap cmsmasters_heading_align_left h2header\">\n\t<h2 class=\"cmsmasters_heading\">Kontaktinformation<\/h2>\n<\/div><div class=\"cmsmasters_text\">\n<h4 style=\"margin-top: 20px; font-size: 17px; color: #333;\">We have a global presence. Our head office is in Lund, Ideon Science Park, and the UK is headquartered in Peterborough. Below you will find our contact details.<\/h4>\n<\/div>\n<div class=\"resizable_block\">\n<div id=\"google_map_ztl5i9un7\" class=\"cmsmasters_google_map google_map\" data-latitude=\"52.551727\" data-longitude=\"-0.319549\" data-maptype=\"ROADMAP\" data-zoom=\"2\" data-scrollwheel=\"true\" data-doubleclickzoom=\"true\" data-pan-control=\"true\" data-zoom-control=\"true\" data-map-type-control=\"true\" data-scale-control=\"true\" data-street-view-control=\"true\" data-overview-map-control=\"true\" data-markers=\"address: 1st Floor, 12 Commerce Road, Lynch Wood, Peterborough PE2 6LR\/\/\/popup: true\/\/\/|||address: Scheelev\u00e4gen 15, 223, 223 63 Lund, Sweden\/\/\/popup: true\/\/\/|||address: Block 2, No 588 Zixin Road, Zizhu National High-tech Industry Park, Minhang County, Shanghai China 200240\/\/\/popup: true\/\/\/|||address: Cincinnati U.S.A\/\/\/popup: true\/\/\/|||address: Denver Colorado U.S.A\/\/\/|||\"><\/div>\n<\/div>\n<\/div><\/div>\n<div id=\"cmsmasters_column_ua3g0i0och\" class=\"cmsmasters_column one_half\">\n<div class=\"cmsmasters_column_inner\"><div id=\"cmsmasters_heading_soqwjz0wee\" class=\"cmsmasters_heading_wrap cmsmasters_heading_align_left h2header\">\n\t<h2 class=\"cmsmasters_heading\">F\u00f6rfr\u00e5gan<\/h2>\n<\/div><div class=\"cmsmasters_text\">\n<p style=\"margin-top: 20px;\">\n<div class=\"wpcf7 no-js\" id=\"wpcf7-f12468-o1\" lang=\"en-US\" dir=\"ltr\" data-wpcf7-id=\"12468\">\n<div class=\"screen-reader-response\"><p role=\"status\" aria-live=\"polite\" aria-atomic=\"true\"><\/p> <ul><\/ul><\/div>\n<form action=\"\/sv\/wp-json\/wp\/v2\/pages\/13973#wpcf7-f12468-o1\" method=\"post\" class=\"wpcf7-form init\" aria-label=\"Contact form\" novalidate=\"novalidate\" data-status=\"init\" data-trp-original-action=\"\/sv\/wp-json\/wp\/v2\/pages\/13973#wpcf7-f12468-o1\">\n<fieldset class=\"hidden-fields-container\"><input type=\"hidden\" name=\"_wpcf7\" value=\"12468\" \/><input type=\"hidden\" name=\"_wpcf7_version\" value=\"6.1.5\" \/><input type=\"hidden\" name=\"_wpcf7_locale\" value=\"en_US\" \/><input type=\"hidden\" name=\"_wpcf7_unit_tag\" value=\"wpcf7-f12468-o1\" \/><input type=\"hidden\" name=\"_wpcf7_container_post\" value=\"0\" \/><input type=\"hidden\" name=\"_wpcf7_posted_data_hash\" value=\"\" \/>\n<\/fieldset>\n<section id=\"form\">\n\t<div class=\"col2\">\n\t\t<p><span class=\"wpcf7-form-control-wrap\" data-name=\"email-301\"><input size=\"40\" maxlength=\"400\" class=\"wpcf7-form-control wpcf7-email wpcf7-validates-as-required wpcf7-text wpcf7-validates-as-email\" aria-required=\"true\" aria-invalid=\"false\" placeholder=\"e-post\" value=\"\" type=\"email\" name=\"email-301\" \/><\/span>\n\t\t<\/p>\n\t<\/div>\n\t<div class=\"col2\">\n\t\t<p><span class=\"wpcf7-form-control-wrap\" data-name=\"Subject\"><input size=\"40\" maxlength=\"400\" class=\"wpcf7-form-control wpcf7-text wpcf7-validates-as-required\" aria-required=\"true\" aria-invalid=\"false\" placeholder=\"\u00e4mne\" value=\"\" type=\"text\" name=\"Subject\" \/><\/span>\n\t\t<\/p>\n\t<\/div>\n\t<div class=\"col1\">\n\t\t<p><span class=\"wpcf7-form-control-wrap\" data-name=\"textarea-753\"><textarea cols=\"40\" rows=\"3\" maxlength=\"2000\" class=\"wpcf7-form-control wpcf7-textarea wpcf7-validates-as-required\" aria-required=\"true\" aria-invalid=\"false\" placeholder=\"meddelande\" name=\"textarea-753\"><\/textarea><\/span>\n\t\t<\/p>\n\t<\/div>\n\t<div class=\"col1 sub-btn\">\n\t\t<p><input class=\"wpcf7-form-control wpcf7-submit has-spinner\" type=\"submit\" value=\"Inl\u00e4mna\" \/>\n\t\t<\/p>\n\t<\/div>\n<\/section><div class=\"wpcf7-response-output\" aria-hidden=\"true\"><\/div>\n<input type=\"hidden\" name=\"trp-form-language\" value=\"sv\"\/><\/form>\n<\/div>\n<\/div>\n<\/div><\/div>\n<\/div>\n<\/div>\n<\/div>\n<\/div>\n<\/div>","protected":false},"excerpt":{"rendered":"","protected":false},"author":3,"featured_media":0,"parent":0,"menu_order":0,"comment_status":"closed","ping_status":"closed","template":"","meta":{"footnotes":""},"class_list":["post-13973","page","type-page","status-publish","hentry"],"yoast_head":"<!-- This site is optimized with the Yoast SEO plugin v27.5 - https:\/\/yoast.com\/product\/yoast-seo-wordpress\/ -->\n<title>Contact Us - LundaTec<\/title>\n<meta name=\"description\" content=\"Contact Us - We have a global presence. The UK head office is in Peterborough.\" \/>\n<meta name=\"robots\" content=\"index, follow, max-snippet:-1, max-image-preview:large, max-video-preview:-1\" \/>\n<link rel=\"canonical\" href=\"https:\/\/lundatec.com\/sv\/kontakta-oss\/\" \/>\n<meta property=\"og:locale\" content=\"sv_SE\" \/>\n<meta property=\"og:type\" content=\"article\" \/>\n<meta property=\"og:title\" content=\"Contact Us - LundaTec\" \/>\n<meta property=\"og:description\" content=\"Contact Us - We have a global presence. The UK head office is in Peterborough.\" \/>\n<meta property=\"og:url\" content=\"https:\/\/lundatec.com\/sv\/kontakta-oss\/\" \/>\n<meta property=\"og:site_name\" content=\"LundaTec\" \/>\n<meta property=\"article:modified_time\" content=\"2022-05-20T20:30:17+00:00\" \/>\n<meta name=\"twitter:card\" content=\"summary_large_image\" \/>\n<meta name=\"twitter:label1\" content=\"Ber\u00e4knad l\u00e4stid\" \/>\n\t<meta name=\"twitter:data1\" content=\"1 minut\" \/>\n<script type=\"application\/ld+json\" class=\"yoast-schema-graph\">{\"@context\":\"https:\\\/\\\/schema.org\",\"@graph\":[{\"@type\":\"WebPage\",\"@id\":\"https:\\\/\\\/lundatec.com\\\/contact-us\\\/\",\"url\":\"https:\\\/\\\/lundatec.com\\\/contact-us\\\/\",\"name\":\"Contact Us - LundaTec\",\"isPartOf\":{\"@id\":\"https:\\\/\\\/lundatec.com\\\/#website\"},\"datePublished\":\"2021-03-12T15:01:55+00:00\",\"dateModified\":\"2022-05-20T20:30:17+00:00\",\"description\":\"Contact Us - We have a global presence. The UK head office is in Peterborough.\",\"breadcrumb\":{\"@id\":\"https:\\\/\\\/lundatec.com\\\/contact-us\\\/#breadcrumb\"},\"inLanguage\":\"sv-SE\",\"potentialAction\":[{\"@type\":\"ReadAction\",\"target\":[\"https:\\\/\\\/lundatec.com\\\/contact-us\\\/\"]}]},{\"@type\":\"BreadcrumbList\",\"@id\":\"https:\\\/\\\/lundatec.com\\\/contact-us\\\/#breadcrumb\",\"itemListElement\":[{\"@type\":\"ListItem\",\"position\":1,\"name\":\"Home\",\"item\":\"https:\\\/\\\/lundatec.com\\\/\"},{\"@type\":\"ListItem\",\"position\":2,\"name\":\"Contact Us\"}]},{\"@type\":\"WebSite\",\"@id\":\"https:\\\/\\\/lundatec.com\\\/#website\",\"url\":\"https:\\\/\\\/lundatec.com\\\/\",\"name\":\"LundaTec\",\"description\":\"LundaTec focuses on patient safety and product quality\",\"publisher\":{\"@id\":\"https:\\\/\\\/lundatec.com\\\/#organization\"},\"potentialAction\":[{\"@type\":\"SearchAction\",\"target\":{\"@type\":\"EntryPoint\",\"urlTemplate\":\"https:\\\/\\\/lundatec.com\\\/?s={search_term_string}\"},\"query-input\":{\"@type\":\"PropertyValueSpecification\",\"valueRequired\":true,\"valueName\":\"search_term_string\"}}],\"inLanguage\":\"sv-SE\"},{\"@type\":\"Organization\",\"@id\":\"https:\\\/\\\/lundatec.com\\\/#organization\",\"name\":\"LundaTec\",\"url\":\"https:\\\/\\\/lundatec.com\\\/\",\"logo\":{\"@type\":\"ImageObject\",\"inLanguage\":\"sv-SE\",\"@id\":\"https:\\\/\\\/lundatec.com\\\/#\\\/schema\\\/logo\\\/image\\\/\",\"url\":\"https:\\\/\\\/lundatec.com\\\/wp-content\\\/uploads\\\/2021\\\/03\\\/LundaTec_Logo_White-1.png\",\"contentUrl\":\"https:\\\/\\\/lundatec.com\\\/wp-content\\\/uploads\\\/2021\\\/03\\\/LundaTec_Logo_White-1.png\",\"width\":320,\"height\":59,\"caption\":\"LundaTec\"},\"image\":{\"@id\":\"https:\\\/\\\/lundatec.com\\\/#\\\/schema\\\/logo\\\/image\\\/\"}}]}<\/script>\n<!-- \/ Yoast SEO plugin. -->","yoast_head_json":{"title":"Contact Us - LundaTec","description":"Contact Us - We have a global presence. The UK head office is in Peterborough.","robots":{"index":"index","follow":"follow","max-snippet":"max-snippet:-1","max-image-preview":"max-image-preview:large","max-video-preview":"max-video-preview:-1"},"canonical":"https:\/\/lundatec.com\/sv\/kontakta-oss\/","og_locale":"sv_SE","og_type":"article","og_title":"Contact Us - LundaTec","og_description":"Contact Us - We have a global presence. The UK head office is in Peterborough.","og_url":"https:\/\/lundatec.com\/sv\/kontakta-oss\/","og_site_name":"LundaTec","article_modified_time":"2022-05-20T20:30:17+00:00","twitter_card":"summary_large_image","twitter_misc":{"Ber\u00e4knad l\u00e4stid":"1 minut"},"schema":{"@context":"https:\/\/schema.org","@graph":[{"@type":"WebPage","@id":"https:\/\/lundatec.com\/contact-us\/","url":"https:\/\/lundatec.com\/contact-us\/","name":"Contact Us - LundaTec","isPartOf":{"@id":"https:\/\/lundatec.com\/#website"},"datePublished":"2021-03-12T15:01:55+00:00","dateModified":"2022-05-20T20:30:17+00:00","description":"Contact Us - We have a global presence. The UK head office is in Peterborough.","breadcrumb":{"@id":"https:\/\/lundatec.com\/contact-us\/#breadcrumb"},"inLanguage":"sv-SE","potentialAction":[{"@type":"ReadAction","target":["https:\/\/lundatec.com\/contact-us\/"]}]},{"@type":"BreadcrumbList","@id":"https:\/\/lundatec.com\/contact-us\/#breadcrumb","itemListElement":[{"@type":"ListItem","position":1,"name":"Home","item":"https:\/\/lundatec.com\/"},{"@type":"ListItem","position":2,"name":"Contact Us"}]},{"@type":"WebSite","@id":"https:\/\/lundatec.com\/#website","url":"https:\/\/lundatec.com\/","name":"LundaTec","description":"LundaTec focuses on patient safety and product quality","publisher":{"@id":"https:\/\/lundatec.com\/#organization"},"potentialAction":[{"@type":"SearchAction","target":{"@type":"EntryPoint","urlTemplate":"https:\/\/lundatec.com\/?s={search_term_string}"},"query-input":{"@type":"PropertyValueSpecification","valueRequired":true,"valueName":"search_term_string"}}],"inLanguage":"sv-SE"},{"@type":"Organization","@id":"https:\/\/lundatec.com\/#organization","name":"LundaTec","url":"https:\/\/lundatec.com\/","logo":{"@type":"ImageObject","inLanguage":"sv-SE","@id":"https:\/\/lundatec.com\/#\/schema\/logo\/image\/","url":"https:\/\/lundatec.com\/wp-content\/uploads\/2021\/03\/LundaTec_Logo_White-1.png","contentUrl":"https:\/\/lundatec.com\/wp-content\/uploads\/2021\/03\/LundaTec_Logo_White-1.png","width":320,"height":59,"caption":"LundaTec"},"image":{"@id":"https:\/\/lundatec.com\/#\/schema\/logo\/image\/"}}]}},"_links":{"self":[{"href":"https:\/\/lundatec.com\/sv\/wp-json\/wp\/v2\/pages\/13973","targetHints":{"allow":["GET"]}}],"collection":[{"href":"https:\/\/lundatec.com\/sv\/wp-json\/wp\/v2\/pages"}],"about":[{"href":"https:\/\/lundatec.com\/sv\/wp-json\/wp\/v2\/types\/page"}],"author":[{"embeddable":true,"href":"https:\/\/lundatec.com\/sv\/wp-json\/wp\/v2\/users\/3"}],"replies":[{"embeddable":true,"href":"https:\/\/lundatec.com\/sv\/wp-json\/wp\/v2\/comments?post=13973"}],"version-history":[{"count":64,"href":"https:\/\/lundatec.com\/sv\/wp-json\/wp\/v2\/pages\/13973\/revisions"}],"predecessor-version":[{"id":14505,"href":"https:\/\/lundatec.com\/sv\/wp-json\/wp\/v2\/pages\/13973\/revisions\/14505"}],"wp:attachment":[{"href":"https:\/\/lundatec.com\/sv\/wp-json\/wp\/v2\/media?parent=13973"}],"curies":[{"name":"wp","href":"https:\/\/api.w.org\/{rel}","templated":true}]}}